{"id":20477,"date":"2022-05-16T14:03:41","date_gmt":"2022-05-16T12:03:41","guid":{"rendered":"https:\/\/eigenart.store\/?post_type=product&#038;p=20477"},"modified":"2022-05-16T14:05:46","modified_gmt":"2022-05-16T12:05:46","slug":"potato-print-250g-2er-set","status":"publish","type":"product","link":"https:\/\/archive.eigenart.store\/de\/produkte\/case\/potato-print-250g-2er-set\/","title":{"rendered":"Potato Print 250g &#8211; 2er Set"},"content":{"rendered":"<div id=\"description\" class=\"ui-tabs-panel ui-widget-content ui-corner-bottom\">\n<ul>\n<li>Das Fassungsverm\u00f6gen variiert je nach F\u00fcllgut<\/li>\n<li>Dose aus Wei\u00dfblech<\/li>\n<li>Lebensmittelecht schutzlackiert<\/li>\n<li>F\u00fcr trockene F\u00fcllg\u00fcter<\/li>\n<li>mit B\u00fcgelverschluss<\/li>\n<\/ul>\n<\/div>\n","protected":false},"excerpt":{"rendered":"<ul>\n<li>F\u00fcr Kaffee, Tee und mehr<\/li>\n<li>F\u00fcr trockene F\u00fcllg\u00fcter<\/li>\n<li>2 Designs<\/li>\n<li>Set besteht aus 2 Dosen<\/li>\n<li>Gr\u00f6\u00dfe: 95x95x163mm<\/li>\n<li>F\u00fcllmenge: 250 g<\/li>\n<\/ul>\n<p>&nbsp;<\/p>\n","protected":false},"featured_media":20468,"comment_status":"open","ping_status":"closed","template":"","meta":[],"product_cat":[613,628],"yoast_head":"<!-- This site is optimized with the Yoast SEO plugin v17.6 - https:\/\/yoast.com\/wordpress\/plugins\/seo\/ -->\n<title>Potato Print 250g - 2er Set &ndash; Eigenart<\/title>\n<meta name=\"robots\" content=\"index, follow, max-snippet:-1, max-image-preview:large, max-video-preview:-1\" \/>\n<link rel=\"canonical\" href=\"https:\/\/eigenart.store\/de\/produkte\/case\/potato-print-250g-2er-set\/\" \/>\n<meta property=\"og:locale\" content=\"de_DE\" \/>\n<meta property=\"og:type\" content=\"article\" \/>\n<meta property=\"og:title\" content=\"Potato Print 250g - 2er Set &ndash; Eigenart\" \/>\n<meta property=\"og:description\" content=\"F\u00fcr Kaffee, Tee und mehr  F\u00fcr trockene F\u00fcllg\u00fcter  2 Designs  Set besteht aus 2 Dosen  Gr\u00f6\u00dfe: 95x95x163mm  F\u00fcllmenge: 250 g  &nbsp;\" \/>\n<meta property=\"og:url\" content=\"https:\/\/eigenart.store\/de\/produkte\/case\/potato-print-250g-2er-set\/\" \/>\n<meta property=\"og:site_name\" content=\"Eigenart\" \/>\n<meta property=\"article:publisher\" content=\"https:\/\/www.facebook.com\/eigenart.store\/\" \/>\n<meta property=\"article:modified_time\" content=\"2022-05-16T12:05:46+00:00\" \/>\n<meta property=\"og:image\" content=\"https:\/\/eigenart.store\/wp-content\/uploads\/2022\/05\/CASE-Potato_Print_250g_PP9595163_4260082938295_2022_SET_2.png\" \/>\n\t<meta property=\"og:image:width\" content=\"1080\" \/>\n\t<meta property=\"og:image:height\" content=\"1080\" \/>\n<meta name=\"twitter:card\" content=\"summary_large_image\" \/>\n<meta name=\"twitter:label1\" content=\"Gesch\u00e4tzte Lesezeit\" \/>\n\t<meta name=\"twitter:data1\" content=\"1 Minute\" \/>\n<script type=\"application\/ld+json\" class=\"yoast-schema-graph\">{\"@context\":\"https:\/\/schema.org\",\"@graph\":[{\"@type\":\"Organization\",\"@id\":\"https:\/\/eigenart.store\/de\/#organization\",\"name\":\"Eigenart by Br\\u00fcssel Steel GmbH\",\"url\":\"https:\/\/eigenart.store\/de\/\",\"sameAs\":[\"https:\/\/www.facebook.com\/eigenart.store\/\",\"https:\/\/www.instagram.com\/eigenart.store\/\",\"https:\/\/www.facebook.com\/eigenart.loveyourrituals\/\",\"https:\/\/www.youtube.com\/channel\/UCw_9dPXdAWokCkgGDzLMrmQ\/featured\"],\"logo\":{\"@type\":\"ImageObject\",\"@id\":\"https:\/\/eigenart.store\/de\/#logo\",\"inLanguage\":\"de-DE\",\"url\":\"https:\/\/eigenart.store\/wp-content\/uploads\/2020\/11\/logo.png\",\"contentUrl\":\"https:\/\/eigenart.store\/wp-content\/uploads\/2020\/11\/logo.png\",\"width\":249,\"height\":116,\"caption\":\"Eigenart by Br\\u00fcssel Steel GmbH\"},\"image\":{\"@id\":\"https:\/\/eigenart.store\/de\/#logo\"}},{\"@type\":\"WebSite\",\"@id\":\"https:\/\/eigenart.store\/de\/#website\",\"url\":\"https:\/\/eigenart.store\/de\/\",\"name\":\"Eigenart\",\"description\":\"Love your Rituals\",\"publisher\":{\"@id\":\"https:\/\/eigenart.store\/de\/#organization\"},\"potentialAction\":[{\"@type\":\"SearchAction\",\"target\":{\"@type\":\"EntryPoint\",\"urlTemplate\":\"https:\/\/eigenart.store\/de\/?s={search_term_string}\"},\"query-input\":\"required name=search_term_string\"}],\"inLanguage\":\"de-DE\"},{\"@type\":\"ImageObject\",\"@id\":\"https:\/\/eigenart.store\/de\/produkte\/case\/potato-print-250g-2er-set\/#primaryimage\",\"inLanguage\":\"de-DE\",\"url\":\"https:\/\/eigenart.store\/wp-content\/uploads\/2022\/05\/CASE-Potato_Print_250g_PP9595163_4260082938295_2022_SET_2.png\",\"contentUrl\":\"https:\/\/eigenart.store\/wp-content\/uploads\/2022\/05\/CASE-Potato_Print_250g_PP9595163_4260082938295_2022_SET_2.png\",\"width\":1080,\"height\":1080},{\"@type\":\"WebPage\",\"@id\":\"https:\/\/eigenart.store\/de\/produkte\/case\/potato-print-250g-2er-set\/#webpage\",\"url\":\"https:\/\/eigenart.store\/de\/produkte\/case\/potato-print-250g-2er-set\/\",\"name\":\"Potato Print 250g - 2er Set &ndash; Eigenart\",\"isPartOf\":{\"@id\":\"https:\/\/eigenart.store\/de\/#website\"},\"primaryImageOfPage\":{\"@id\":\"https:\/\/eigenart.store\/de\/produkte\/case\/potato-print-250g-2er-set\/#primaryimage\"},\"datePublished\":\"2022-05-16T12:03:41+00:00\",\"dateModified\":\"2022-05-16T12:05:46+00:00\",\"breadcrumb\":{\"@id\":\"https:\/\/eigenart.store\/de\/produkte\/case\/potato-print-250g-2er-set\/#breadcrumb\"},\"inLanguage\":\"de-DE\",\"potentialAction\":[{\"@type\":\"ReadAction\",\"target\":[\"https:\/\/eigenart.store\/de\/produkte\/case\/potato-print-250g-2er-set\/\"]}]},{\"@type\":\"BreadcrumbList\",\"@id\":\"https:\/\/eigenart.store\/de\/produkte\/case\/potato-print-250g-2er-set\/#breadcrumb\",\"itemListElement\":[{\"@type\":\"ListItem\",\"position\":1,\"name\":\"Startseite\",\"item\":\"https:\/\/eigenart.store\/de\/\"},{\"@type\":\"ListItem\",\"position\":2,\"name\":\"Shop\",\"item\":\"https:\/\/eigenart.store\/de\/shop\/\"},{\"@type\":\"ListItem\",\"position\":3,\"name\":\"Potato Print 250g &#8211; 2er Set\"}]}]}<\/script>\n<!-- \/ Yoast SEO plugin. -->","yoast_head_json":{"title":"Potato Print 250g - 2er Set &ndash; Eigenart","robots":{"index":"index","follow":"follow","max-snippet":"max-snippet:-1","max-image-preview":"max-image-preview:large","max-video-preview":"max-video-preview:-1"},"canonical":"https:\/\/eigenart.store\/de\/produkte\/case\/potato-print-250g-2er-set\/","og_locale":"de_DE","og_type":"article","og_title":"Potato Print 250g - 2er Set &ndash; Eigenart","og_description":"F\u00fcr Kaffee, Tee und mehr  F\u00fcr trockene F\u00fcllg\u00fcter  2 Designs  Set besteht aus 2 Dosen  Gr\u00f6\u00dfe: 95x95x163mm  F\u00fcllmenge: 250 g  &nbsp;","og_url":"https:\/\/eigenart.store\/de\/produkte\/case\/potato-print-250g-2er-set\/","og_site_name":"Eigenart","article_publisher":"https:\/\/www.facebook.com\/eigenart.store\/","article_modified_time":"2022-05-16T12:05:46+00:00","og_image":[{"width":1080,"height":1080,"url":"https:\/\/eigenart.store\/wp-content\/uploads\/2022\/05\/CASE-Potato_Print_250g_PP9595163_4260082938295_2022_SET_2.png","type":"image\/png"}],"twitter_card":"summary_large_image","twitter_misc":{"Gesch\u00e4tzte Lesezeit":"1 Minute"},"schema":{"@context":"https:\/\/schema.org","@graph":[{"@type":"Organization","@id":"https:\/\/eigenart.store\/de\/#organization","name":"Eigenart by Br\u00fcssel Steel GmbH","url":"https:\/\/eigenart.store\/de\/","sameAs":["https:\/\/www.facebook.com\/eigenart.store\/","https:\/\/www.instagram.com\/eigenart.store\/","https:\/\/www.facebook.com\/eigenart.loveyourrituals\/","https:\/\/www.youtube.com\/channel\/UCw_9dPXdAWokCkgGDzLMrmQ\/featured"],"logo":{"@type":"ImageObject","@id":"https:\/\/eigenart.store\/de\/#logo","inLanguage":"de-DE","url":"https:\/\/eigenart.store\/wp-content\/uploads\/2020\/11\/logo.png","contentUrl":"https:\/\/eigenart.store\/wp-content\/uploads\/2020\/11\/logo.png","width":249,"height":116,"caption":"Eigenart by Br\u00fcssel Steel GmbH"},"image":{"@id":"https:\/\/eigenart.store\/de\/#logo"}},{"@type":"WebSite","@id":"https:\/\/eigenart.store\/de\/#website","url":"https:\/\/eigenart.store\/de\/","name":"Eigenart","description":"Love your Rituals","publisher":{"@id":"https:\/\/eigenart.store\/de\/#organization"},"potentialAction":[{"@type":"SearchAction","target":{"@type":"EntryPoint","urlTemplate":"https:\/\/eigenart.store\/de\/?s={search_term_string}"},"query-input":"required name=search_term_string"}],"inLanguage":"de-DE"},{"@type":"ImageObject","@id":"https:\/\/eigenart.store\/de\/produkte\/case\/potato-print-250g-2er-set\/#primaryimage","inLanguage":"de-DE","url":"https:\/\/eigenart.store\/wp-content\/uploads\/2022\/05\/CASE-Potato_Print_250g_PP9595163_4260082938295_2022_SET_2.png","contentUrl":"https:\/\/eigenart.store\/wp-content\/uploads\/2022\/05\/CASE-Potato_Print_250g_PP9595163_4260082938295_2022_SET_2.png","width":1080,"height":1080},{"@type":"WebPage","@id":"https:\/\/eigenart.store\/de\/produkte\/case\/potato-print-250g-2er-set\/#webpage","url":"https:\/\/eigenart.store\/de\/produkte\/case\/potato-print-250g-2er-set\/","name":"Potato Print 250g - 2er Set &ndash; Eigenart","isPartOf":{"@id":"https:\/\/eigenart.store\/de\/#website"},"primaryImageOfPage":{"@id":"https:\/\/eigenart.store\/de\/produkte\/case\/potato-print-250g-2er-set\/#primaryimage"},"datePublished":"2022-05-16T12:03:41+00:00","dateModified":"2022-05-16T12:05:46+00:00","breadcrumb":{"@id":"https:\/\/eigenart.store\/de\/produkte\/case\/potato-print-250g-2er-set\/#breadcrumb"},"inLanguage":"de-DE","potentialAction":[{"@type":"ReadAction","target":["https:\/\/eigenart.store\/de\/produkte\/case\/potato-print-250g-2er-set\/"]}]},{"@type":"BreadcrumbList","@id":"https:\/\/eigenart.store\/de\/produkte\/case\/potato-print-250g-2er-set\/#breadcrumb","itemListElement":[{"@type":"ListItem","position":1,"name":"Startseite","item":"https:\/\/eigenart.store\/de\/"},{"@type":"ListItem","position":2,"name":"Shop","item":"https:\/\/eigenart.store\/de\/shop\/"},{"@type":"ListItem","position":3,"name":"Potato Print 250g &#8211; 2er Set"}]}]}},"_links":{"self":[{"href":"https:\/\/archive.eigenart.store\/de\/wp-json\/wp\/v2\/product\/20477"}],"collection":[{"href":"https:\/\/archive.eigenart.store\/de\/wp-json\/wp\/v2\/product"}],"about":[{"href":"https:\/\/archive.eigenart.store\/de\/wp-json\/wp\/v2\/types\/product"}],"replies":[{"embeddable":true,"href":"https:\/\/archive.eigenart.store\/de\/wp-json\/wp\/v2\/comments?post=20477"}],"wp:featuredmedia":[{"embeddable":true,"href":"https:\/\/archive.eigenart.store\/de\/wp-json\/wp\/v2\/media\/20468"}],"wp:attachment":[{"href":"https:\/\/archive.eigenart.store\/de\/wp-json\/wp\/v2\/media?parent=20477"}],"wp:term":[{"taxonomy":"product_cat","embeddable":true,"href":"https:\/\/archive.eigenart.store\/de\/wp-json\/wp\/v2\/product_cat?post=20477"}],"curies":[{"name":"wp","href":"https:\/\/api.w.org\/{rel}","templated":true}]}}