{"id":20360,"date":"2022-04-21T09:25:46","date_gmt":"2022-04-21T07:25:46","guid":{"rendered":"https:\/\/eigenart.store\/?post_type=product&#038;p=20360"},"modified":"2022-04-25T12:44:36","modified_gmt":"2022-04-25T10:44:36","slug":"teaeve-circular-green","status":"publish","type":"product","link":"https:\/\/archive.eigenart.store\/fr\/produkte\/affaires-pour-hommes\/teaeve-circular-green\/","title":{"rendered":"TEAEVE Circular Green"},"content":{"rendered":"<p><strong>TEAEVE Circular Green\u00a0<\/strong><\/p>\n<p>Der doppelwandige Porzellanbecher ist ein Handschmeichler mit haptischen Erlebnissen. Das gro\u00dfe Edelstahlsieb mit aufwendiger Lochstanzung eignet sich zur optimalen Entfaltung des Teearomas.<br \/>\nDer passende Porzellandeckel kann zum abdecken und als Ablagefl\u00e4che f\u00fcr das Edelstahlsieb genutzt werden.<br \/>\nMit echtem Gold-Druck und farblich angepasstem Sieb sorgen f\u00fcr einen besonderen Auftritt.<br \/>\nDamit du lange Freude am Design hast, empfehlen wir die TEAEVE mit der Hand zu sp\u00fclen. Nicht f\u00fcr die Mikrowelle geeignet.<\/p>\n<p><strong>Das Set umfasst:<\/strong><\/p>\n<ul>\n<li>Doppelwandige Porzellantasse<\/li>\n<li>Passender Porzellandeckel<\/li>\n<li>Hochwertiges Edelstahlsieb<\/li>\n<li>Exklusive Geschenkverpackung<\/li>\n<li>Kunstleder Manschette<\/li>\n<\/ul>\n<p><strong>Die Teaeve-(Geschenk-)Verpackung<\/strong><\/p>\n<ul>\n<li>Erl\u00e4utert Aufbau und Verwendungsm\u00f6glichkeiten<\/li>\n<li>Attraktive Geschenkverpackung<\/li>\n<li>Schutz vor Besch\u00e4digung<\/li>\n<\/ul>\n<p><strong>Der Teaeve-To-Go-Deckel (separat erh\u00e4ltlich)<\/strong><\/p>\n<ul>\n<li>Aus hochwertigem Kunststoff<\/li>\n<li>BPA frei<\/li>\n<li>Kein Bestandteil des Teaeve-Sets<\/li>\n<\/ul>\n<p>Bitte beachte, dass es insbesondere durch die Verwendung unterschiedlicher Displaytechnologien und aufgrund Ihrer individuellen Displayeinstellungen zu Verf\u00e4lschungen bei der Farbdarstellung kommen kann. Die auf Ihrem Display dargestellten Farben k\u00f6nnen deswegen geringf\u00fcgig von der tats\u00e4chlichen Farbe der auf unseren Produktfotos dargestellten Produkte abweichen. Im Zweifel empfehlen wir, die Produktfotos auf einem weiteren Display zu betrachten oder uns zu kontaktieren.<\/p>\n<p>&nbsp;<\/p>\n","protected":false},"excerpt":{"rendered":"<ul>\n<li>Doppelwandiger Porzellanbecher<\/li>\n<li>Gro\u00dfer Siebeinsatz aus Edelstahl<\/li>\n<li>F\u00fcr optimale Teezubereitung<\/li>\n<li>Griffiger Henkel zur Siebentnahme<\/li>\n<li>Deckel zur W\u00e4rmeisolierung<\/li>\n<li>Deckel als Ablagefl\u00e4che des Siebs<\/li>\n<li>Ca. 350 ml<\/li>\n<li>H\u00f6he ca. 13 cm<\/li>\n<\/ul>\n","protected":false},"featured_media":20325,"comment_status":"closed","ping_status":"closed","template":"","meta":[],"product_cat":[1444,1447],"yoast_head":"<!-- This site is optimized with the Yoast SEO plugin v17.6 - https:\/\/yoast.com\/wordpress\/plugins\/seo\/ -->\n<title>TEAEVE Circular Green &ndash; Eigenart<\/title>\n<meta name=\"robots\" content=\"index, follow, max-snippet:-1, max-image-preview:large, max-video-preview:-1\" \/>\n<link rel=\"canonical\" href=\"https:\/\/eigenart.store\/fr\/produkte\/mustergueltig\/teaeve-circular-green\/\" \/>\n<meta property=\"og:locale\" content=\"fr_FR\" \/>\n<meta property=\"og:type\" content=\"article\" \/>\n<meta property=\"og:title\" content=\"TEAEVE Circular Green &ndash; Eigenart\" \/>\n<meta property=\"og:description\" content=\"Doppelwandiger Porzellanbecher  Gro\u00dfer Siebeinsatz aus Edelstahl  F\u00fcr optimale Teezubereitung  Griffiger Henkel zur Siebentnahme  Deckel zur W\u00e4rmeisolierung  Deckel als Ablagefl\u00e4che des Siebs  Ca. 350 ml  H\u00f6he ca. 13 cm\" \/>\n<meta property=\"og:url\" content=\"https:\/\/eigenart.store\/de\/produkte\/mustergueltig\/teaeve-circular-green\/\" \/>\n<meta property=\"og:site_name\" content=\"Eigenart\" \/>\n<meta property=\"article:publisher\" content=\"https:\/\/www.facebook.com\/eigenart.store\/\" \/>\n<meta property=\"article:modified_time\" content=\"2022-04-25T10:44:36+00:00\" \/>\n<meta property=\"og:image\" content=\"https:\/\/eigenart.store\/wp-content\/uploads\/2022\/04\/TEAEVE-80057-G_Circular_green_4260082938530_2022.png\" \/>\n\t<meta property=\"og:image:width\" content=\"1080\" \/>\n\t<meta property=\"og:image:height\" content=\"1080\" \/>\n<meta name=\"twitter:card\" content=\"summary_large_image\" \/>\n<meta name=\"twitter:label1\" content=\"Dur\u00e9e de lecture estim\u00e9e\" \/>\n\t<meta name=\"twitter:data1\" content=\"1 minute\" \/>\n<script type=\"application\/ld+json\" class=\"yoast-schema-graph\">{\"@context\":\"https:\/\/schema.org\",\"@graph\":[{\"@type\":\"Organization\",\"@id\":\"https:\/\/eigenart.store\/de\/#organization\",\"name\":\"Eigenart by Br\\u00fcssel Steel GmbH\",\"url\":\"https:\/\/eigenart.store\/de\/\",\"sameAs\":[\"https:\/\/www.facebook.com\/eigenart.store\/\",\"https:\/\/www.instagram.com\/eigenart.store\/\",\"https:\/\/www.facebook.com\/eigenart.loveyourrituals\/\",\"https:\/\/www.youtube.com\/channel\/UCw_9dPXdAWokCkgGDzLMrmQ\/featured\"],\"logo\":{\"@type\":\"ImageObject\",\"@id\":\"https:\/\/eigenart.store\/de\/#logo\",\"inLanguage\":\"fr-FR\",\"url\":\"https:\/\/eigenart.store\/wp-content\/uploads\/2020\/11\/logo.png\",\"contentUrl\":\"https:\/\/eigenart.store\/wp-content\/uploads\/2020\/11\/logo.png\",\"width\":249,\"height\":116,\"caption\":\"Eigenart by Br\\u00fcssel Steel GmbH\"},\"image\":{\"@id\":\"https:\/\/eigenart.store\/de\/#logo\"}},{\"@type\":\"WebSite\",\"@id\":\"https:\/\/eigenart.store\/de\/#website\",\"url\":\"https:\/\/eigenart.store\/de\/\",\"name\":\"Eigenart\",\"description\":\"Love your Rituals\",\"publisher\":{\"@id\":\"https:\/\/eigenart.store\/de\/#organization\"},\"potentialAction\":[{\"@type\":\"SearchAction\",\"target\":{\"@type\":\"EntryPoint\",\"urlTemplate\":\"https:\/\/eigenart.store\/de\/?s={search_term_string}\"},\"query-input\":\"required name=search_term_string\"}],\"inLanguage\":\"fr-FR\"},{\"@type\":\"ImageObject\",\"@id\":\"https:\/\/eigenart.store\/de\/produkte\/mustergueltig\/teaeve-circular-green\/#primaryimage\",\"inLanguage\":\"fr-FR\",\"url\":\"https:\/\/eigenart.store\/wp-content\/uploads\/2022\/04\/TEAEVE-80057-G_Circular_green_4260082938530_2022.png\",\"contentUrl\":\"https:\/\/eigenart.store\/wp-content\/uploads\/2022\/04\/TEAEVE-80057-G_Circular_green_4260082938530_2022.png\",\"width\":1080,\"height\":1080},{\"@type\":\"WebPage\",\"@id\":\"https:\/\/eigenart.store\/de\/produkte\/mustergueltig\/teaeve-circular-green\/#webpage\",\"url\":\"https:\/\/eigenart.store\/de\/produkte\/mustergueltig\/teaeve-circular-green\/\",\"name\":\"TEAEVE Circular Green &ndash; Eigenart\",\"isPartOf\":{\"@id\":\"https:\/\/eigenart.store\/de\/#website\"},\"primaryImageOfPage\":{\"@id\":\"https:\/\/eigenart.store\/de\/produkte\/mustergueltig\/teaeve-circular-green\/#primaryimage\"},\"datePublished\":\"2022-04-21T07:25:46+00:00\",\"dateModified\":\"2022-04-25T10:44:36+00:00\",\"breadcrumb\":{\"@id\":\"https:\/\/eigenart.store\/de\/produkte\/mustergueltig\/teaeve-circular-green\/#breadcrumb\"},\"inLanguage\":\"fr-FR\",\"potentialAction\":[{\"@type\":\"ReadAction\",\"target\":[\"https:\/\/eigenart.store\/de\/produkte\/mustergueltig\/teaeve-circular-green\/\"]}]},{\"@type\":\"BreadcrumbList\",\"@id\":\"https:\/\/eigenart.store\/de\/produkte\/mustergueltig\/teaeve-circular-green\/#breadcrumb\",\"itemListElement\":[{\"@type\":\"ListItem\",\"position\":1,\"name\":\"Startseite\",\"item\":\"https:\/\/eigenart.store\/fr\/\"},{\"@type\":\"ListItem\",\"position\":2,\"name\":\"Shop\",\"item\":\"https:\/\/eigenart.store\/de\/shop\/\"},{\"@type\":\"ListItem\",\"position\":3,\"name\":\"TEAEVE Circular Green\"}]}]}<\/script>\n<!-- \/ Yoast SEO plugin. -->","yoast_head_json":{"title":"TEAEVE Circular Green &ndash; Eigenart","robots":{"index":"index","follow":"follow","max-snippet":"max-snippet:-1","max-image-preview":"max-image-preview:large","max-video-preview":"max-video-preview:-1"},"canonical":"https:\/\/eigenart.store\/fr\/produkte\/mustergueltig\/teaeve-circular-green\/","og_locale":"fr_FR","og_type":"article","og_title":"TEAEVE Circular Green &ndash; Eigenart","og_description":"Doppelwandiger Porzellanbecher  Gro\u00dfer Siebeinsatz aus Edelstahl  F\u00fcr optimale Teezubereitung  Griffiger Henkel zur Siebentnahme  Deckel zur W\u00e4rmeisolierung  Deckel als Ablagefl\u00e4che des Siebs  Ca. 350 ml  H\u00f6he ca. 13 cm","og_url":"https:\/\/eigenart.store\/de\/produkte\/mustergueltig\/teaeve-circular-green\/","og_site_name":"Eigenart","article_publisher":"https:\/\/www.facebook.com\/eigenart.store\/","article_modified_time":"2022-04-25T10:44:36+00:00","og_image":[{"width":1080,"height":1080,"url":"https:\/\/eigenart.store\/wp-content\/uploads\/2022\/04\/TEAEVE-80057-G_Circular_green_4260082938530_2022.png","type":"image\/png"}],"twitter_card":"summary_large_image","twitter_misc":{"Dur\u00e9e de lecture estim\u00e9e":"1 minute"},"schema":{"@context":"https:\/\/schema.org","@graph":[{"@type":"Organization","@id":"https:\/\/eigenart.store\/de\/#organization","name":"Eigenart by Br\u00fcssel Steel GmbH","url":"https:\/\/eigenart.store\/de\/","sameAs":["https:\/\/www.facebook.com\/eigenart.store\/","https:\/\/www.instagram.com\/eigenart.store\/","https:\/\/www.facebook.com\/eigenart.loveyourrituals\/","https:\/\/www.youtube.com\/channel\/UCw_9dPXdAWokCkgGDzLMrmQ\/featured"],"logo":{"@type":"ImageObject","@id":"https:\/\/eigenart.store\/de\/#logo","inLanguage":"fr-FR","url":"https:\/\/eigenart.store\/wp-content\/uploads\/2020\/11\/logo.png","contentUrl":"https:\/\/eigenart.store\/wp-content\/uploads\/2020\/11\/logo.png","width":249,"height":116,"caption":"Eigenart by Br\u00fcssel Steel GmbH"},"image":{"@id":"https:\/\/eigenart.store\/de\/#logo"}},{"@type":"WebSite","@id":"https:\/\/eigenart.store\/de\/#website","url":"https:\/\/eigenart.store\/de\/","name":"Eigenart","description":"Love your Rituals","publisher":{"@id":"https:\/\/eigenart.store\/de\/#organization"},"potentialAction":[{"@type":"SearchAction","target":{"@type":"EntryPoint","urlTemplate":"https:\/\/eigenart.store\/de\/?s={search_term_string}"},"query-input":"required name=search_term_string"}],"inLanguage":"fr-FR"},{"@type":"ImageObject","@id":"https:\/\/eigenart.store\/de\/produkte\/mustergueltig\/teaeve-circular-green\/#primaryimage","inLanguage":"fr-FR","url":"https:\/\/eigenart.store\/wp-content\/uploads\/2022\/04\/TEAEVE-80057-G_Circular_green_4260082938530_2022.png","contentUrl":"https:\/\/eigenart.store\/wp-content\/uploads\/2022\/04\/TEAEVE-80057-G_Circular_green_4260082938530_2022.png","width":1080,"height":1080},{"@type":"WebPage","@id":"https:\/\/eigenart.store\/de\/produkte\/mustergueltig\/teaeve-circular-green\/#webpage","url":"https:\/\/eigenart.store\/de\/produkte\/mustergueltig\/teaeve-circular-green\/","name":"TEAEVE Circular Green &ndash; Eigenart","isPartOf":{"@id":"https:\/\/eigenart.store\/de\/#website"},"primaryImageOfPage":{"@id":"https:\/\/eigenart.store\/de\/produkte\/mustergueltig\/teaeve-circular-green\/#primaryimage"},"datePublished":"2022-04-21T07:25:46+00:00","dateModified":"2022-04-25T10:44:36+00:00","breadcrumb":{"@id":"https:\/\/eigenart.store\/de\/produkte\/mustergueltig\/teaeve-circular-green\/#breadcrumb"},"inLanguage":"fr-FR","potentialAction":[{"@type":"ReadAction","target":["https:\/\/eigenart.store\/de\/produkte\/mustergueltig\/teaeve-circular-green\/"]}]},{"@type":"BreadcrumbList","@id":"https:\/\/eigenart.store\/de\/produkte\/mustergueltig\/teaeve-circular-green\/#breadcrumb","itemListElement":[{"@type":"ListItem","position":1,"name":"Startseite","item":"https:\/\/eigenart.store\/fr\/"},{"@type":"ListItem","position":2,"name":"Shop","item":"https:\/\/eigenart.store\/de\/shop\/"},{"@type":"ListItem","position":3,"name":"TEAEVE Circular Green"}]}]}},"_links":{"self":[{"href":"https:\/\/archive.eigenart.store\/fr\/wp-json\/wp\/v2\/product\/20360"}],"collection":[{"href":"https:\/\/archive.eigenart.store\/fr\/wp-json\/wp\/v2\/product"}],"about":[{"href":"https:\/\/archive.eigenart.store\/fr\/wp-json\/wp\/v2\/types\/product"}],"replies":[{"embeddable":true,"href":"https:\/\/archive.eigenart.store\/fr\/wp-json\/wp\/v2\/comments?post=20360"}],"wp:featuredmedia":[{"embeddable":true,"href":"https:\/\/archive.eigenart.store\/fr\/wp-json\/wp\/v2\/media\/20325"}],"wp:attachment":[{"href":"https:\/\/archive.eigenart.store\/fr\/wp-json\/wp\/v2\/media?parent=20360"}],"wp:term":[{"taxonomy":"product_cat","embeddable":true,"href":"https:\/\/archive.eigenart.store\/fr\/wp-json\/wp\/v2\/product_cat?post=20360"}],"curies":[{"name":"wp","href":"https:\/\/api.w.org\/{rel}","templated":true}]}}