{"id":20479,"date":"2022-05-16T14:03:41","date_gmt":"2022-05-16T12:03:41","guid":{"rendered":"https:\/\/eigenart.store\/?post_type=product&#038;p=20479"},"modified":"2022-05-16T14:07:51","modified_gmt":"2022-05-16T12:07:51","slug":"potato-print-250g-set-de-2","status":"publish","type":"product","link":"https:\/\/archive.eigenart.store\/fr\/produkte\/echantillon\/potato-print-250g-set-de-2\/","title":{"rendered":"Potato Print 250g &#8211; Set de 2"},"content":{"rendered":"<div id=\"description\" class=\"ui-tabs-panel ui-widget-content ui-corner-bottom\">\n<ul>\n<li>La capacit\u00e9 varie en fonction du mat\u00e9riau de remplissage<\/li>\n<\/ul>\n<ul>\n<li>Bo\u00eete en fer blanc<\/li>\n<li>Rev\u00eatement protecteur de qualit\u00e9 alimentaire<\/li>\n<li>Pour les produits secs<\/li>\n<li>avec fermeture en \u00e9trier<\/li>\n<\/ul>\n<\/div>\n","protected":false},"excerpt":{"rendered":"<ul>\n<li>Pour le caf\u00e9, le th\u00e9 et plus encore<\/li>\n<li>Pour les contenus secs<\/li>\n<li>2 dessins<\/li>\n<li>L&#8217;ensemble comprend 2 bo\u00eetes de conserve<\/li>\n<li>Taille : 95 x 95 x 163 mm<\/li>\n<li>Quantit\u00e9 de remplissage : 250 g<\/li>\n<\/ul>\n","protected":false},"featured_media":20470,"comment_status":"open","ping_status":"closed","template":"","meta":[],"product_cat":[1455,1447],"yoast_head":"<!-- This site is optimized with the Yoast SEO plugin v17.6 - https:\/\/yoast.com\/wordpress\/plugins\/seo\/ -->\n<title>Potato Print 250g - Set de 2 &ndash; Eigenart<\/title>\n<meta name=\"robots\" content=\"index, follow, max-snippet:-1, max-image-preview:large, max-video-preview:-1\" \/>\n<link rel=\"canonical\" href=\"https:\/\/eigenart.store\/fr\/produkte\/case\/potato-print-250g-2er-set\/\" \/>\n<meta property=\"og:locale\" content=\"fr_FR\" \/>\n<meta property=\"og:type\" content=\"article\" \/>\n<meta property=\"og:title\" content=\"Potato Print 250g - Set de 2 &ndash; Eigenart\" \/>\n<meta property=\"og:description\" content=\"Pour le caf\u00e9, le th\u00e9 et plus encore  Pour les contenus secs  2 dessins  L&#039;ensemble comprend 2 bo\u00eetes de conserve  Taille : 95 x 95 x 163 mm  Quantit\u00e9 de remplissage : 250 g\" \/>\n<meta property=\"og:url\" content=\"https:\/\/eigenart.store\/de\/produkte\/case\/potato-print-250g-2er-set\/\" \/>\n<meta property=\"og:site_name\" content=\"Eigenart\" \/>\n<meta property=\"article:publisher\" content=\"https:\/\/www.facebook.com\/eigenart.store\/\" \/>\n<meta property=\"article:modified_time\" content=\"2022-05-16T12:07:51+00:00\" \/>\n<meta property=\"og:image\" content=\"https:\/\/eigenart.store\/wp-content\/uploads\/2022\/05\/CASE-Potato_Print_250g_PP9595163_4260082938295_2022_SET_2.png\" \/>\n\t<meta property=\"og:image:width\" content=\"1080\" \/>\n\t<meta property=\"og:image:height\" content=\"1080\" \/>\n<meta name=\"twitter:card\" content=\"summary_large_image\" \/>\n<script type=\"application\/ld+json\" class=\"yoast-schema-graph\">{\"@context\":\"https:\/\/schema.org\",\"@graph\":[{\"@type\":\"Organization\",\"@id\":\"https:\/\/eigenart.store\/de\/#organization\",\"name\":\"Eigenart by Br\\u00fcssel Steel GmbH\",\"url\":\"https:\/\/eigenart.store\/de\/\",\"sameAs\":[\"https:\/\/www.facebook.com\/eigenart.store\/\",\"https:\/\/www.instagram.com\/eigenart.store\/\",\"https:\/\/www.facebook.com\/eigenart.loveyourrituals\/\",\"https:\/\/www.youtube.com\/channel\/UCw_9dPXdAWokCkgGDzLMrmQ\/featured\"],\"logo\":{\"@type\":\"ImageObject\",\"@id\":\"https:\/\/eigenart.store\/de\/#logo\",\"inLanguage\":\"fr-FR\",\"url\":\"https:\/\/eigenart.store\/wp-content\/uploads\/2020\/11\/logo.png\",\"contentUrl\":\"https:\/\/eigenart.store\/wp-content\/uploads\/2020\/11\/logo.png\",\"width\":249,\"height\":116,\"caption\":\"Eigenart by Br\\u00fcssel Steel GmbH\"},\"image\":{\"@id\":\"https:\/\/eigenart.store\/de\/#logo\"}},{\"@type\":\"WebSite\",\"@id\":\"https:\/\/eigenart.store\/de\/#website\",\"url\":\"https:\/\/eigenart.store\/de\/\",\"name\":\"Eigenart\",\"description\":\"Love your Rituals\",\"publisher\":{\"@id\":\"https:\/\/eigenart.store\/de\/#organization\"},\"potentialAction\":[{\"@type\":\"SearchAction\",\"target\":{\"@type\":\"EntryPoint\",\"urlTemplate\":\"https:\/\/eigenart.store\/de\/?s={search_term_string}\"},\"query-input\":\"required name=search_term_string\"}],\"inLanguage\":\"fr-FR\"},{\"@type\":\"ImageObject\",\"@id\":\"https:\/\/eigenart.store\/de\/produkte\/case\/potato-print-250g-2er-set\/#primaryimage\",\"inLanguage\":\"fr-FR\",\"url\":\"https:\/\/eigenart.store\/wp-content\/uploads\/2022\/05\/CASE-Potato_Print_250g_PP9595163_4260082938295_2022_SET_2.png\",\"contentUrl\":\"https:\/\/eigenart.store\/wp-content\/uploads\/2022\/05\/CASE-Potato_Print_250g_PP9595163_4260082938295_2022_SET_2.png\",\"width\":1080,\"height\":1080},{\"@type\":\"WebPage\",\"@id\":\"https:\/\/eigenart.store\/de\/produkte\/case\/potato-print-250g-2er-set\/#webpage\",\"url\":\"https:\/\/eigenart.store\/de\/produkte\/case\/potato-print-250g-2er-set\/\",\"name\":\"Potato Print 250g - Set de 2 &ndash; Eigenart\",\"isPartOf\":{\"@id\":\"https:\/\/eigenart.store\/de\/#website\"},\"primaryImageOfPage\":{\"@id\":\"https:\/\/eigenart.store\/de\/produkte\/case\/potato-print-250g-2er-set\/#primaryimage\"},\"datePublished\":\"2022-05-16T12:03:41+00:00\",\"dateModified\":\"2022-05-16T12:07:51+00:00\",\"breadcrumb\":{\"@id\":\"https:\/\/eigenart.store\/de\/produkte\/case\/potato-print-250g-2er-set\/#breadcrumb\"},\"inLanguage\":\"fr-FR\",\"potentialAction\":[{\"@type\":\"ReadAction\",\"target\":[\"https:\/\/eigenart.store\/de\/produkte\/case\/potato-print-250g-2er-set\/\"]}]},{\"@type\":\"BreadcrumbList\",\"@id\":\"https:\/\/eigenart.store\/de\/produkte\/case\/potato-print-250g-2er-set\/#breadcrumb\",\"itemListElement\":[{\"@type\":\"ListItem\",\"position\":1,\"name\":\"Startseite\",\"item\":\"https:\/\/eigenart.store\/fr\/\"},{\"@type\":\"ListItem\",\"position\":2,\"name\":\"Shop\",\"item\":\"https:\/\/eigenart.store\/de\/shop\/\"},{\"@type\":\"ListItem\",\"position\":3,\"name\":\"Potato Print 250g &#8211; Set de 2\"}]}]}<\/script>\n<!-- \/ Yoast SEO plugin. -->","yoast_head_json":{"title":"Potato Print 250g - Set de 2 &ndash; Eigenart","robots":{"index":"index","follow":"follow","max-snippet":"max-snippet:-1","max-image-preview":"max-image-preview:large","max-video-preview":"max-video-preview:-1"},"canonical":"https:\/\/eigenart.store\/fr\/produkte\/case\/potato-print-250g-2er-set\/","og_locale":"fr_FR","og_type":"article","og_title":"Potato Print 250g - Set de 2 &ndash; Eigenart","og_description":"Pour le caf\u00e9, le th\u00e9 et plus encore  Pour les contenus secs  2 dessins  L'ensemble comprend 2 bo\u00eetes de conserve  Taille : 95 x 95 x 163 mm  Quantit\u00e9 de remplissage : 250 g","og_url":"https:\/\/eigenart.store\/de\/produkte\/case\/potato-print-250g-2er-set\/","og_site_name":"Eigenart","article_publisher":"https:\/\/www.facebook.com\/eigenart.store\/","article_modified_time":"2022-05-16T12:07:51+00:00","og_image":[{"width":1080,"height":1080,"url":"https:\/\/eigenart.store\/wp-content\/uploads\/2022\/05\/CASE-Potato_Print_250g_PP9595163_4260082938295_2022_SET_2.png","type":"image\/png"}],"twitter_card":"summary_large_image","schema":{"@context":"https:\/\/schema.org","@graph":[{"@type":"Organization","@id":"https:\/\/eigenart.store\/de\/#organization","name":"Eigenart by Br\u00fcssel Steel GmbH","url":"https:\/\/eigenart.store\/de\/","sameAs":["https:\/\/www.facebook.com\/eigenart.store\/","https:\/\/www.instagram.com\/eigenart.store\/","https:\/\/www.facebook.com\/eigenart.loveyourrituals\/","https:\/\/www.youtube.com\/channel\/UCw_9dPXdAWokCkgGDzLMrmQ\/featured"],"logo":{"@type":"ImageObject","@id":"https:\/\/eigenart.store\/de\/#logo","inLanguage":"fr-FR","url":"https:\/\/eigenart.store\/wp-content\/uploads\/2020\/11\/logo.png","contentUrl":"https:\/\/eigenart.store\/wp-content\/uploads\/2020\/11\/logo.png","width":249,"height":116,"caption":"Eigenart by Br\u00fcssel Steel GmbH"},"image":{"@id":"https:\/\/eigenart.store\/de\/#logo"}},{"@type":"WebSite","@id":"https:\/\/eigenart.store\/de\/#website","url":"https:\/\/eigenart.store\/de\/","name":"Eigenart","description":"Love your Rituals","publisher":{"@id":"https:\/\/eigenart.store\/de\/#organization"},"potentialAction":[{"@type":"SearchAction","target":{"@type":"EntryPoint","urlTemplate":"https:\/\/eigenart.store\/de\/?s={search_term_string}"},"query-input":"required name=search_term_string"}],"inLanguage":"fr-FR"},{"@type":"ImageObject","@id":"https:\/\/eigenart.store\/de\/produkte\/case\/potato-print-250g-2er-set\/#primaryimage","inLanguage":"fr-FR","url":"https:\/\/eigenart.store\/wp-content\/uploads\/2022\/05\/CASE-Potato_Print_250g_PP9595163_4260082938295_2022_SET_2.png","contentUrl":"https:\/\/eigenart.store\/wp-content\/uploads\/2022\/05\/CASE-Potato_Print_250g_PP9595163_4260082938295_2022_SET_2.png","width":1080,"height":1080},{"@type":"WebPage","@id":"https:\/\/eigenart.store\/de\/produkte\/case\/potato-print-250g-2er-set\/#webpage","url":"https:\/\/eigenart.store\/de\/produkte\/case\/potato-print-250g-2er-set\/","name":"Potato Print 250g - Set de 2 &ndash; Eigenart","isPartOf":{"@id":"https:\/\/eigenart.store\/de\/#website"},"primaryImageOfPage":{"@id":"https:\/\/eigenart.store\/de\/produkte\/case\/potato-print-250g-2er-set\/#primaryimage"},"datePublished":"2022-05-16T12:03:41+00:00","dateModified":"2022-05-16T12:07:51+00:00","breadcrumb":{"@id":"https:\/\/eigenart.store\/de\/produkte\/case\/potato-print-250g-2er-set\/#breadcrumb"},"inLanguage":"fr-FR","potentialAction":[{"@type":"ReadAction","target":["https:\/\/eigenart.store\/de\/produkte\/case\/potato-print-250g-2er-set\/"]}]},{"@type":"BreadcrumbList","@id":"https:\/\/eigenart.store\/de\/produkte\/case\/potato-print-250g-2er-set\/#breadcrumb","itemListElement":[{"@type":"ListItem","position":1,"name":"Startseite","item":"https:\/\/eigenart.store\/fr\/"},{"@type":"ListItem","position":2,"name":"Shop","item":"https:\/\/eigenart.store\/de\/shop\/"},{"@type":"ListItem","position":3,"name":"Potato Print 250g &#8211; Set de 2"}]}]}},"_links":{"self":[{"href":"https:\/\/archive.eigenart.store\/fr\/wp-json\/wp\/v2\/product\/20479"}],"collection":[{"href":"https:\/\/archive.eigenart.store\/fr\/wp-json\/wp\/v2\/product"}],"about":[{"href":"https:\/\/archive.eigenart.store\/fr\/wp-json\/wp\/v2\/types\/product"}],"replies":[{"embeddable":true,"href":"https:\/\/archive.eigenart.store\/fr\/wp-json\/wp\/v2\/comments?post=20479"}],"wp:featuredmedia":[{"embeddable":true,"href":"https:\/\/archive.eigenart.store\/fr\/wp-json\/wp\/v2\/media\/20470"}],"wp:attachment":[{"href":"https:\/\/archive.eigenart.store\/fr\/wp-json\/wp\/v2\/media?parent=20479"}],"wp:term":[{"taxonomy":"product_cat","embeddable":true,"href":"https:\/\/archive.eigenart.store\/fr\/wp-json\/wp\/v2\/product_cat?post=20479"}],"curies":[{"name":"wp","href":"https:\/\/api.w.org\/{rel}","templated":true}]}}